{"id":15635,"date":"2025-10-27T11:18:56","date_gmt":"2025-10-27T11:18:56","guid":{"rendered":"https:\/\/enlineabarcelona.com\/producto\/ubik-walk-in-closet\/"},"modified":"2025-10-27T17:24:58","modified_gmt":"2025-10-27T17:24:58","slug":"ubik-walk-in-closet","status":"publish","type":"product","link":"https:\/\/enlineabarcelona.com\/en\/product\/ubik-walk-in-closet\/","title":{"rendered":"Ubik Walk-in Closet"},"content":{"rendered":"\n<p>Ubik es un elegante vestidor basado en la combinaci\u00f3n de paneles y un sistema de estanter\u00edas. Innovador y ligero, ofrece tanto flexibilidad como funcionalidad, gracias a unidades de almacenamiento y accesorios como bandejas, cajones con frentes de madera o cristal, zapateros extra\u00edbles, pantaloneros y camiseros que pueden colocarse a la altura y en el orden deseados. La estructura del vestidor Ubik se compone de un sistema de paneles de pared disponibles en diversos acabados, que pueden combinarse o sustituirse por perfiles con estantes, completados a su vez por baldas y accesorios. Los acabados de los paneles definen el estilo est\u00e9tico del vestidor, como la versi\u00f3n cl\u00e1sica con paneles de laminado de madera, una versi\u00f3n sofisticada en cristal y variantes exclusivas de efecto textil y technocover. El sistema de estanter\u00edas se presenta en dos acabados met\u00e1licos opcionales, elegante pizarra y brillante champ\u00e1n.    <\/p>\n\n<p><\/p>\n","protected":false},"excerpt":{"rendered":"<p>Ubik es un elegante vestidor basado en la combinaci\u00f3n de paneles y un sistema de estanter\u00edas. Innovador y ligero, ofrece tanto flexibilidad como funcionalidad, gracias a unidades de almacenamiento y accesorios como bandejas, cajones con frentes de madera o cristal, zapateros extra\u00edbles, pantaloneros y camiseros que pueden colocarse a la altura y en el orden &#8230; <a title=\"Ubik Walk-in Closet\" class=\"read-more\" href=\"https:\/\/enlineabarcelona.com\/en\/product\/ubik-walk-in-closet\/\" aria-label=\"Read more about Ubik Walk-in Closet\">Read more<\/a><\/p>\n","protected":false},"featured_media":10606,"comment_status":"closed","ping_status":"open","template":"","meta":{"_acf_changed":false},"product_cat":[1564,1565],"product_tag":[],"disenadores":[],"marca":[106],"class_list":{"0":"post-15635","1":"product","2":"type-product","3":"status-publish","4":"has-post-thumbnail","6":"product_cat-closetoutletfurniture","7":"product_cat-storage","8":"marca-poliform","9":"sales-flash-overlay","10":"woocommerce-text-align-center","11":"woocommerce-image-align-center","12":"do-quantity-buttons","13":"wc-has-gallery","15":"first","16":"instock","17":"sale","18":"purchasable","19":"product-type-simple"},"acf":[],"_links":{"self":[{"href":"https:\/\/enlineabarcelona.com\/en\/wp-json\/wp\/v2\/product\/15635","targetHints":{"allow":["GET"]}}],"collection":[{"href":"https:\/\/enlineabarcelona.com\/en\/wp-json\/wp\/v2\/product"}],"about":[{"href":"https:\/\/enlineabarcelona.com\/en\/wp-json\/wp\/v2\/types\/product"}],"replies":[{"embeddable":true,"href":"https:\/\/enlineabarcelona.com\/en\/wp-json\/wp\/v2\/comments?post=15635"}],"wp:featuredmedia":[{"embeddable":true,"href":"https:\/\/enlineabarcelona.com\/en\/wp-json\/wp\/v2\/media\/10606"}],"wp:attachment":[{"href":"https:\/\/enlineabarcelona.com\/en\/wp-json\/wp\/v2\/media?parent=15635"}],"wp:term":[{"taxonomy":"product_cat","embeddable":true,"href":"https:\/\/enlineabarcelona.com\/en\/wp-json\/wp\/v2\/product_cat?post=15635"},{"taxonomy":"product_tag","embeddable":true,"href":"https:\/\/enlineabarcelona.com\/en\/wp-json\/wp\/v2\/product_tag?post=15635"},{"taxonomy":"disenadores","embeddable":true,"href":"https:\/\/enlineabarcelona.com\/en\/wp-json\/wp\/v2\/disenadores?post=15635"},{"taxonomy":"marca","embeddable":true,"href":"https:\/\/enlineabarcelona.com\/en\/wp-json\/wp\/v2\/marca?post=15635"}],"curies":[{"name":"wp","href":"https:\/\/api.w.org\/{rel}","templated":true}]}}