{"id":15713,"date":"2025-10-27T11:19:59","date_gmt":"2025-10-27T11:19:59","guid":{"rendered":"https:\/\/enlineabarcelona.com\/producto\/erica-armchair-2025-edition\/"},"modified":"2026-02-16T12:22:38","modified_gmt":"2026-02-16T12:22:38","slug":"erica-armchair-2025-edition","status":"publish","type":"product","link":"https:\/\/enlineabarcelona.com\/en\/product\/erica-armchair-2025-edition\/","title":{"rendered":"Erica Armchair 2025 Edition"},"content":{"rendered":"\n<p>Los sillones Erica\u00a0incorporan los elementos caracter\u00edsticos de toda la serie: la estructura de aluminio fundido a presi\u00f3n con pintura en polvo, que ofrece ligereza y durabilidad; el trenzado de cintas de polipropileno dise\u00f1ado para uso en exteriores; y el dise\u00f1o de los pies, que aporta una sensaci\u00f3n de continuidad visual y formal. Se ofrecen en diferentes tama\u00f1os y profundidades, incluyendo una versi\u00f3n con respaldo alto y reposacabezas integrado, ideal para la relajaci\u00f3n.<\/p>\n","protected":false},"excerpt":{"rendered":"<p>Los sillones Erica\u00a0incorporan los elementos caracter\u00edsticos de toda la serie: la estructura de aluminio fundido a presi\u00f3n con pintura en polvo, que ofrece ligereza y durabilidad; el trenzado de cintas de polipropileno dise\u00f1ado para uso en exteriores; y el dise\u00f1o de los pies, que aporta una sensaci\u00f3n de continuidad visual y formal. Se ofrecen en &#8230; <a title=\"Erica Armchair 2025 Edition\" class=\"read-more\" href=\"https:\/\/enlineabarcelona.com\/en\/product\/erica-armchair-2025-edition\/\" aria-label=\"Read more about Erica Armchair 2025 Edition\">Read more<\/a><\/p>\n","protected":false},"featured_media":11804,"comment_status":"closed","ping_status":"open","template":"","meta":{"_acf_changed":false},"product_cat":[252],"product_tag":[],"disenadores":[1802],"marca":[146],"class_list":{"0":"post-15713","1":"product","2":"type-product","3":"status-publish","4":"has-post-thumbnail","6":"product_cat-outdoor","7":"disenadores-antonio-citterio","8":"marca-bb-italia","9":"sales-flash-overlay","10":"woocommerce-text-align-center","11":"woocommerce-image-align-center","12":"do-quantity-buttons","13":"wc-has-gallery","15":"first","16":"instock","17":"purchasable","18":"product-type-simple"},"acf":[],"_links":{"self":[{"href":"https:\/\/enlineabarcelona.com\/en\/wp-json\/wp\/v2\/product\/15713","targetHints":{"allow":["GET"]}}],"collection":[{"href":"https:\/\/enlineabarcelona.com\/en\/wp-json\/wp\/v2\/product"}],"about":[{"href":"https:\/\/enlineabarcelona.com\/en\/wp-json\/wp\/v2\/types\/product"}],"replies":[{"embeddable":true,"href":"https:\/\/enlineabarcelona.com\/en\/wp-json\/wp\/v2\/comments?post=15713"}],"wp:featuredmedia":[{"embeddable":true,"href":"https:\/\/enlineabarcelona.com\/en\/wp-json\/wp\/v2\/media\/11804"}],"wp:attachment":[{"href":"https:\/\/enlineabarcelona.com\/en\/wp-json\/wp\/v2\/media?parent=15713"}],"wp:term":[{"taxonomy":"product_cat","embeddable":true,"href":"https:\/\/enlineabarcelona.com\/en\/wp-json\/wp\/v2\/product_cat?post=15713"},{"taxonomy":"product_tag","embeddable":true,"href":"https:\/\/enlineabarcelona.com\/en\/wp-json\/wp\/v2\/product_tag?post=15713"},{"taxonomy":"disenadores","embeddable":true,"href":"https:\/\/enlineabarcelona.com\/en\/wp-json\/wp\/v2\/disenadores?post=15713"},{"taxonomy":"marca","embeddable":true,"href":"https:\/\/enlineabarcelona.com\/en\/wp-json\/wp\/v2\/marca?post=15713"}],"curies":[{"name":"wp","href":"https:\/\/api.w.org\/{rel}","templated":true}]}}