{"id":15789,"date":"2025-10-27T11:19:59","date_gmt":"2025-10-27T11:19:59","guid":{"rendered":"https:\/\/enlineabarcelona.com\/producto\/erica-sofa-2025\/"},"modified":"2026-02-16T12:22:37","modified_gmt":"2026-02-16T12:22:37","slug":"erica-sofa-2025","status":"publish","type":"product","link":"https:\/\/enlineabarcelona.com\/en\/product\/erica-sofa-2025\/","title":{"rendered":"Erica Sofa 2025"},"content":{"rendered":"\n<p>La serie Erica de sof\u00e1s de exterior se destaca por su ligereza y dise\u00f1o refinado, lo que la hace ideal tanto para espacios p\u00fablicos como residenciales, ofreciendo comodidad ergon\u00f3mica junto con resistencia para su uso al aire libre. La propuesta incluye sof\u00e1s lineales en diferentes tama\u00f1os y profundidades, sof\u00e1s con un dise\u00f1o ligeramente curvado ideales para crear soluciones din\u00e1micas y convivenciales para la relajaci\u00f3n exterior, una dormeuse tambi\u00e9n caracterizada por su dise\u00f1o curvo, y una chaise longue de proporciones especialmente generosas, equipada con un respaldo alto y reposacabezas integrado. <\/p>\n","protected":false},"excerpt":{"rendered":"<p>La serie Erica de sof\u00e1s de exterior se destaca por su ligereza y dise\u00f1o refinado, lo que la hace ideal tanto para espacios p\u00fablicos como residenciales, ofreciendo comodidad ergon\u00f3mica junto con resistencia para su uso al aire libre. La propuesta incluye sof\u00e1s lineales en diferentes tama\u00f1os y profundidades, sof\u00e1s con un dise\u00f1o ligeramente curvado ideales &#8230; <a title=\"Erica Sofa 2025\" class=\"read-more\" href=\"https:\/\/enlineabarcelona.com\/en\/product\/erica-sofa-2025\/\" aria-label=\"Read more about Erica Sofa 2025\">Read more<\/a><\/p>\n","protected":false},"featured_media":11745,"comment_status":"closed","ping_status":"open","template":"","meta":{"_acf_changed":false},"product_cat":[252],"product_tag":[],"disenadores":[1802],"marca":[146],"class_list":{"0":"post-15789","1":"product","2":"type-product","3":"status-publish","4":"has-post-thumbnail","6":"product_cat-outdoor","7":"disenadores-antonio-citterio","8":"marca-bb-italia","9":"sales-flash-overlay","10":"woocommerce-text-align-center","11":"woocommerce-image-align-center","12":"do-quantity-buttons","13":"wc-has-gallery","15":"first","16":"instock","17":"purchasable","18":"product-type-simple"},"acf":[],"_links":{"self":[{"href":"https:\/\/enlineabarcelona.com\/en\/wp-json\/wp\/v2\/product\/15789","targetHints":{"allow":["GET"]}}],"collection":[{"href":"https:\/\/enlineabarcelona.com\/en\/wp-json\/wp\/v2\/product"}],"about":[{"href":"https:\/\/enlineabarcelona.com\/en\/wp-json\/wp\/v2\/types\/product"}],"replies":[{"embeddable":true,"href":"https:\/\/enlineabarcelona.com\/en\/wp-json\/wp\/v2\/comments?post=15789"}],"wp:featuredmedia":[{"embeddable":true,"href":"https:\/\/enlineabarcelona.com\/en\/wp-json\/wp\/v2\/media\/11745"}],"wp:attachment":[{"href":"https:\/\/enlineabarcelona.com\/en\/wp-json\/wp\/v2\/media?parent=15789"}],"wp:term":[{"taxonomy":"product_cat","embeddable":true,"href":"https:\/\/enlineabarcelona.com\/en\/wp-json\/wp\/v2\/product_cat?post=15789"},{"taxonomy":"product_tag","embeddable":true,"href":"https:\/\/enlineabarcelona.com\/en\/wp-json\/wp\/v2\/product_tag?post=15789"},{"taxonomy":"disenadores","embeddable":true,"href":"https:\/\/enlineabarcelona.com\/en\/wp-json\/wp\/v2\/disenadores?post=15789"},{"taxonomy":"marca","embeddable":true,"href":"https:\/\/enlineabarcelona.com\/en\/wp-json\/wp\/v2\/marca?post=15789"}],"curies":[{"name":"wp","href":"https:\/\/api.w.org\/{rel}","templated":true}]}}