{"id":17147,"date":"2025-12-02T10:29:37","date_gmt":"2025-12-02T10:29:37","guid":{"rendered":"https:\/\/enlineabarcelona.com\/producto\/cama-angle\/"},"modified":"2025-12-02T10:29:37","modified_gmt":"2025-12-02T10:29:37","slug":"cama-angle","status":"publish","type":"product","link":"https:\/\/enlineabarcelona.com\/en\/product\/cama-angle\/","title":{"rendered":"Angle Bed"},"content":{"rendered":"<p class=\"textBlock__subtitle\">Double-size bed with an important, eye-catching headboard, embellished with an exclusive capitonn\u00e9 finish.Cama de matrimonio con una cabecera importante y envolvente, enriquecida con una elaboraci\u00f3n capitonn\u00e9 exclusiva.<\/p>\n<div class=\"textBlock__desc\">Double-size bed with impressive lines, available in the versions with simple headboard or with side panels. Padded and quilted headboard with completely removable covers in fabric or leather. Available with box-spring base Leonardo, fixed base h 25 cm, storage base or base with electrical movements. Two lamps Angle with a polished chrome-plated, golden or bronze tubular structure can be installed in the intersection recess between the headboard and the panels of Angle bed.   <\/div>\n","protected":false},"excerpt":{"rendered":"<p>Double-size bed with an important, eye-catching headboard, embellished with an exclusive capitonn\u00e9 finish.Cama de matrimonio con una cabecera importante y envolvente, enriquecida con una elaboraci\u00f3n capitonn\u00e9 exclusiva. Double-size bed with impressive lines, available in the versions with simple headboard or with side panels. Padded and quilted headboard with completely removable covers in fabric or leather. &#8230; <a title=\"Angle Bed\" class=\"read-more\" href=\"https:\/\/enlineabarcelona.com\/en\/product\/cama-angle\/\" aria-label=\"Read more about Angle Bed\">Read more<\/a><\/p>\n","protected":false},"featured_media":17128,"comment_status":"closed","ping_status":"closed","template":"","meta":{"_acf_changed":false},"product_cat":[1902],"product_tag":[],"disenadores":[1730],"marca":[],"class_list":{"0":"post-17147","1":"product","2":"type-product","3":"status-publish","4":"has-post-thumbnail","6":"product_cat-bed","7":"disenadores-rodolfo-dordoni","8":"sales-flash-overlay","9":"woocommerce-text-align-center","10":"woocommerce-image-align-center","11":"do-quantity-buttons","12":"wc-has-gallery","14":"first","15":"instock","16":"taxable","17":"shipping-taxable","18":"product-type-simple"},"acf":[],"_links":{"self":[{"href":"https:\/\/enlineabarcelona.com\/en\/wp-json\/wp\/v2\/product\/17147","targetHints":{"allow":["GET"]}}],"collection":[{"href":"https:\/\/enlineabarcelona.com\/en\/wp-json\/wp\/v2\/product"}],"about":[{"href":"https:\/\/enlineabarcelona.com\/en\/wp-json\/wp\/v2\/types\/product"}],"replies":[{"embeddable":true,"href":"https:\/\/enlineabarcelona.com\/en\/wp-json\/wp\/v2\/comments?post=17147"}],"wp:featuredmedia":[{"embeddable":true,"href":"https:\/\/enlineabarcelona.com\/en\/wp-json\/wp\/v2\/media\/17128"}],"wp:attachment":[{"href":"https:\/\/enlineabarcelona.com\/en\/wp-json\/wp\/v2\/media?parent=17147"}],"wp:term":[{"taxonomy":"product_cat","embeddable":true,"href":"https:\/\/enlineabarcelona.com\/en\/wp-json\/wp\/v2\/product_cat?post=17147"},{"taxonomy":"product_tag","embeddable":true,"href":"https:\/\/enlineabarcelona.com\/en\/wp-json\/wp\/v2\/product_tag?post=17147"},{"taxonomy":"disenadores","embeddable":true,"href":"https:\/\/enlineabarcelona.com\/en\/wp-json\/wp\/v2\/disenadores?post=17147"},{"taxonomy":"marca","embeddable":true,"href":"https:\/\/enlineabarcelona.com\/en\/wp-json\/wp\/v2\/marca?post=17147"}],"curies":[{"name":"wp","href":"https:\/\/api.w.org\/{rel}","templated":true}]}}