{"id":17218,"date":"2025-12-02T12:39:34","date_gmt":"2025-12-02T12:39:34","guid":{"rendered":"https:\/\/enlineabarcelona.com\/producto\/cama-iko\/"},"modified":"2025-12-02T12:42:54","modified_gmt":"2025-12-02T12:42:54","slug":"cama-iko","status":"publish","type":"product","link":"https:\/\/enlineabarcelona.com\/en\/product\/cama-iko\/","title":{"rendered":"Iko Bed"},"content":{"rendered":"<p>El encanto de un dise\u00f1o lineal que se hace \u00fanico por el esmero en los detalles y los materiales preciados, inusuales y heterog\u00e9neos.<\/p>\n<p>Elegance, exclusiveness and understated luxury are the key features of this double-size bed; its apparent simplicity is defined by the purity of the lines, the quality of the materials used and the elegance of the details. Iko is a bed that stretches beyond the apparent simplicity of its shape and exalts the intrinsic value and importance of the fine details. <\/p>\n<div class=\"textBlockButtons\"><\/div>\n","protected":false},"excerpt":{"rendered":"<p>El encanto de un dise\u00f1o lineal que se hace \u00fanico por el esmero en los detalles y los materiales preciados, inusuales y heterog\u00e9neos. Elegance, exclusiveness and understated luxury are the key features of this double-size bed; its apparent simplicity is defined by the purity of the lines, the quality of the materials used and the &#8230; <a title=\"Iko Bed\" class=\"read-more\" href=\"https:\/\/enlineabarcelona.com\/en\/product\/cama-iko\/\" aria-label=\"Read more about Iko Bed\">Read more<\/a><\/p>\n","protected":false},"featured_media":17199,"comment_status":"closed","ping_status":"closed","template":"","meta":{"_acf_changed":false},"product_cat":[1902],"product_tag":[],"disenadores":[1730],"marca":[],"class_list":{"0":"post-17218","1":"product","2":"type-product","3":"status-publish","4":"has-post-thumbnail","6":"product_cat-bed","7":"disenadores-rodolfo-dordoni","8":"sales-flash-overlay","9":"woocommerce-text-align-center","10":"woocommerce-image-align-center","11":"do-quantity-buttons","13":"first","14":"instock","15":"taxable","16":"shipping-taxable","17":"product-type-simple"},"acf":[],"_links":{"self":[{"href":"https:\/\/enlineabarcelona.com\/en\/wp-json\/wp\/v2\/product\/17218","targetHints":{"allow":["GET"]}}],"collection":[{"href":"https:\/\/enlineabarcelona.com\/en\/wp-json\/wp\/v2\/product"}],"about":[{"href":"https:\/\/enlineabarcelona.com\/en\/wp-json\/wp\/v2\/types\/product"}],"replies":[{"embeddable":true,"href":"https:\/\/enlineabarcelona.com\/en\/wp-json\/wp\/v2\/comments?post=17218"}],"wp:featuredmedia":[{"embeddable":true,"href":"https:\/\/enlineabarcelona.com\/en\/wp-json\/wp\/v2\/media\/17199"}],"wp:attachment":[{"href":"https:\/\/enlineabarcelona.com\/en\/wp-json\/wp\/v2\/media?parent=17218"}],"wp:term":[{"taxonomy":"product_cat","embeddable":true,"href":"https:\/\/enlineabarcelona.com\/en\/wp-json\/wp\/v2\/product_cat?post=17218"},{"taxonomy":"product_tag","embeddable":true,"href":"https:\/\/enlineabarcelona.com\/en\/wp-json\/wp\/v2\/product_tag?post=17218"},{"taxonomy":"disenadores","embeddable":true,"href":"https:\/\/enlineabarcelona.com\/en\/wp-json\/wp\/v2\/disenadores?post=17218"},{"taxonomy":"marca","embeddable":true,"href":"https:\/\/enlineabarcelona.com\/en\/wp-json\/wp\/v2\/marca?post=17218"}],"curies":[{"name":"wp","href":"https:\/\/api.w.org\/{rel}","templated":true}]}}