{"id":18211,"date":"2026-04-07T11:00:10","date_gmt":"2026-04-07T11:00:10","guid":{"rendered":"https:\/\/enlineabarcelona.com\/?post_type=product&#038;p=18211"},"modified":"2026-04-07T11:12:05","modified_gmt":"2026-04-07T11:12:05","slug":"batllo-chair","status":"publish","type":"product","link":"https:\/\/enlineabarcelona.com\/en\/product\/batllo-chair\/","title":{"rendered":"Batll\u00f3 Chair"},"content":{"rendered":"<div class=\"flex flex-col text-sm\">\n<section class=\"text-token-text-primary w-full focus:outline-none [--shadow-height:45px] has-data-writing-block:pointer-events-none has-data-writing-block:-mt-(--shadow-height) has-data-writing-block:pt-(--shadow-height) [&amp;:has([data-writing-block])&gt;*]:pointer-events-auto scroll-mt-[calc(var(--header-height)+min(200px,max(70px,20svh)))]\" dir=\"auto\" data-turn-id=\"request-WEB:4bdefb95-d99b-481e-995a-690d2d120d59-2\" data-testid=\"conversation-turn-6\" data-scroll-anchor=\"true\" data-turn=\"assistant\">\n<div class=\"text-base my-auto mx-auto pb-10 [--thread-content-margin:var(--thread-content-margin-xs,calc(var(--spacing)*4))] @w-sm\/main:[--thread-content-margin:var(--thread-content-margin-sm,calc(var(--spacing)*6))] @w-lg\/main:[--thread-content-margin:var(--thread-content-margin-lg,calc(var(--spacing)*16))] px-(--thread-content-margin)\">\n<div class=\"[--thread-content-max-width:40rem] @w-lg\/main:[--thread-content-max-width:48rem] mx-auto max-w-(--thread-content-max-width) flex-1 group\/turn-messages focus-visible:outline-hidden relative flex w-full min-w-0 flex-col agent-turn\">\n<div class=\"flex max-w-full flex-col gap-4 grow\">\n<div class=\"min-h-8 text-message relative flex w-full flex-col items-end gap-2 text-start break-words whitespace-normal outline-none keyboard-focused:focus-ring [.text-message+&amp;]:mt-1\" dir=\"auto\" tabindex=\"0\" data-message-author-role=\"assistant\" data-message-id=\"5bb9faaf-59ef-419c-b70d-b8666b3a5a09\" data-message-model-slug=\"gpt-5-3\" data-turn-start-message=\"true\">\n<div class=\"flex w-full flex-col gap-1 empty:hidden\">\n<div class=\"markdown prose dark:prose-invert w-full wrap-break-word light markdown-new-styling\">\n<p data-start=\"0\" data-end=\"283\">Designed for the 1906-built Casa Batll\u00f3 dining room, the Batll\u00f3 chair is a Gaud\u00ed with sweeping curves and surprising comfort. Beyond its abstract appearance, Casa Batll\u00f3 represents Saint George, the patron saint of Catalunya and his victory over the dragon. <\/p>\n<p data-start=\"285\" data-end=\"570\">The bony chair complements the ridged roof and curving iron balconies of the building. The Batll\u00f3 chair is manufactured following the method and material originally used by Gaud\u00ed, preserving the functional and sculptural aspects of the original design. <\/p>\n<p data-start=\"572\" data-end=\"827\" data-is-last-node=\"\" data-is-only-node=\"\">It has an outstretched backrest and curved seat that provides a high level of comfort. The Batll\u00f3 is an exact reproduction of the original designed by Antoni Gaud\u00ed, and is accompanied by a certificate signed by the director of the Gaud\u00ed Cathedra. <\/p>\n<\/div>\n<\/div>\n<\/div>\n<\/div>\n<\/div>\n<\/div>\n<\/section>\n<\/div>\n","protected":false},"excerpt":{"rendered":"<p><br data-mce-bogus=\"1\"><\/p>\n","protected":false},"featured_media":18220,"comment_status":"closed","ping_status":"closed","template":"","meta":{"_acf_changed":false},"product_cat":[1922,1914],"product_tag":[],"disenadores":[2057],"marca":[2058],"class_list":{"0":"post-18211","1":"product","2":"type-product","3":"status-publish","4":"has-post-thumbnail","6":"product_cat-furniture-2","7":"product_cat-sofas","8":"disenadores-antoni-gaudi","9":"marca-bd-barcelona-design-2","10":"sales-flash-overlay","11":"woocommerce-text-align-center","12":"woocommerce-image-align-center","13":"do-quantity-buttons","14":"wc-has-gallery","16":"first","17":"instock","18":"product-type-simple"},"acf":[],"_links":{"self":[{"href":"https:\/\/enlineabarcelona.com\/en\/wp-json\/wp\/v2\/product\/18211","targetHints":{"allow":["GET"]}}],"collection":[{"href":"https:\/\/enlineabarcelona.com\/en\/wp-json\/wp\/v2\/product"}],"about":[{"href":"https:\/\/enlineabarcelona.com\/en\/wp-json\/wp\/v2\/types\/product"}],"replies":[{"embeddable":true,"href":"https:\/\/enlineabarcelona.com\/en\/wp-json\/wp\/v2\/comments?post=18211"}],"wp:featuredmedia":[{"embeddable":true,"href":"https:\/\/enlineabarcelona.com\/en\/wp-json\/wp\/v2\/media\/18220"}],"wp:attachment":[{"href":"https:\/\/enlineabarcelona.com\/en\/wp-json\/wp\/v2\/media?parent=18211"}],"wp:term":[{"taxonomy":"product_cat","embeddable":true,"href":"https:\/\/enlineabarcelona.com\/en\/wp-json\/wp\/v2\/product_cat?post=18211"},{"taxonomy":"product_tag","embeddable":true,"href":"https:\/\/enlineabarcelona.com\/en\/wp-json\/wp\/v2\/product_tag?post=18211"},{"taxonomy":"disenadores","embeddable":true,"href":"https:\/\/enlineabarcelona.com\/en\/wp-json\/wp\/v2\/disenadores?post=18211"},{"taxonomy":"marca","embeddable":true,"href":"https:\/\/enlineabarcelona.com\/en\/wp-json\/wp\/v2\/marca?post=18211"}],"curies":[{"name":"wp","href":"https:\/\/api.w.org\/{rel}","templated":true}]}}